{"id":2980,"date":"2026-03-31T09:37:25","date_gmt":"2026-03-31T07:37:25","guid":{"rendered":"https:\/\/www.carobnastena.si\/?post_type=product&#038;p=2980"},"modified":"2026-04-19T17:55:06","modified_gmt":"2026-04-19T15:55:06","slug":"pravljicno-moder-oblacek","status":"publish","type":"product","link":"https:\/\/www.carobnastena.si\/en\/izdelek\/pravljicno-moder-oblacek\/","title":{"rendered":"Pravlji\u010dno moder obla\u010dek"},"content":{"rendered":"<h4 data-start=\"0\" data-end=\"39\"><strong data-start=\"2\" data-end=\"37\">\u2764\ufe0fZakaj star\u0161i in otroci obo\u017eujejo \u010carobno steno?<\/strong>\u2764\ufe0f<\/h4>\n<p data-start=\"41\" data-end=\"732\" data-is-last-node=\"\" data-is-only-node=\"\"><strong data-start=\"44\" data-end=\"68\">\ud83e\uddd1\u200d\ud83c\udfa8 Svet ustvarjalnosti:<\/strong> Otroci lahko ri\u0161ejo, pi\u0161ejo in se igrajo z magneti \u2013 vse na enem \u010darobnem prostoru &#8211; njihovi \u010carobni steni!<br \/>\n<br data-start=\"152\" data-end=\"155\" \/><strong data-start=\"158\" data-end=\"178\">\ud83c\udf93 Raste z otrokom:<\/strong> Od prvih \u010de\u010dkarij do ra\u010dunanja pri 6 letih in \u0161e dlje! \u010carobna stena je navdihnjena po <strong>Montessori metodi<\/strong>, saj podpira otrokov razvoj na vsakem koraku.<br \/>\n<br data-start=\"336\" data-end=\"339\" \/><strong data-start=\"342\" data-end=\"371\">\u2728 \u010carovnija brez packarij:<\/strong> \u010carobna stena je narejena iz visokokvalitetnih materialov, ki omogo\u010dajo hitro in enostavno \u010di\u0161\u010denje z vla\u017eno krpo ali otro\u0161kimi rob\u010dki.<br \/>\n<br data-start=\"474\" data-end=\"477\" \/><strong data-start=\"481\" data-end=\"504\">\ud83c\udfe1 Primerna za vsak dom: <\/strong>Na voljo v \u0161tirih trendovskih <strong>barvah z visokim sijajem (Whiteboard efekt)<\/strong>\u00a0\u2013 \u00a0<strong data-start=\"546\" data-end=\"562\">Umazano roza<\/strong>, <strong data-start=\"642\" data-end=\"659\">Pudrasto roza, Modra <\/strong><strong>in B<\/strong><strong data-start=\"642\" data-end=\"659\">ela<\/strong><strong data-start=\"642\" data-end=\"659\">.\u00a0 <\/strong>\u010carobna stena je izjemno tanka (le 1,2 mm) in se s popolnostjo zlije z vsakim prostorom.<\/p>\n<p>\ud83d\udce6 <strong>Kaj je v paketu:\u00a0<\/strong>\u010carobna stena obla\u010dek (whiteboard) izbrane barve (<strong>velikost 50cm x 100cm<\/strong>), komplet pisanih pi\u0161i bri\u0161i flomastrov z magnetnim dr\u017ealom, mehka krpica za \u010di\u0161\u010denje \u010darobne stene in navodila za uporabo.<\/p>\n<p>Zaradi razli\u010dne osvetlitve se lahko barve v resni\u010dnosti razlikujejo od tistih na fotografijah.<\/p>\n","protected":false},"excerpt":{"rendered":"<h5>Zabava brez zaslonov \u2013 veselje, kreativnost, u\u010denje in mir za star\u0161e!<\/h5>\n<p>Se zasloni preve\u010dkrat znajdejo v sredi\u0161\u010du igre va\u0161ih mal\u010dkov? \u010carobna stena je odli\u010dna re\u0161itev, da mal\u010dki ostanejo zaposleni, se u\u010dijo in zabavajo \u2013 ti pa si v miru privo\u0161\u010di\u0161 kavico ali skrit pi\u0161kot. Spremeni svojo steno \u017ee danes in podari otroku \u010dar igre brez zaslonov ter sebi trenutek miru.\ud83d\ude09<br \/>\n<strong data-start=\"214\" data-end=\"229\"><br \/>\nNaro\u010di \u010carobno steno zdaj<\/strong> in naj bo vsak trenutek z va\u0161im mal\u010dkom doma \u0161e bolj \u010daroben!<\/p>\n","protected":false},"featured_media":2981,"comment_status":"closed","ping_status":"closed","template":"","meta":[],"product_brand":[],"product_cat":[36],"product_tag":[],"class_list":{"0":"post-2980","1":"product","2":"type-product","3":"status-publish","4":"has-post-thumbnail","6":"product_cat-magnetne-nalepke","8":"first","9":"instock","10":"featured","11":"taxable","12":"shipping-taxable","13":"purchasable","14":"product-type-simple"},"_links":{"self":[{"href":"https:\/\/www.carobnastena.si\/en\/wp-json\/wp\/v2\/product\/2980","targetHints":{"allow":["GET"]}}],"collection":[{"href":"https:\/\/www.carobnastena.si\/en\/wp-json\/wp\/v2\/product"}],"about":[{"href":"https:\/\/www.carobnastena.si\/en\/wp-json\/wp\/v2\/types\/product"}],"replies":[{"embeddable":true,"href":"https:\/\/www.carobnastena.si\/en\/wp-json\/wp\/v2\/comments?post=2980"}],"wp:featuredmedia":[{"embeddable":true,"href":"https:\/\/www.carobnastena.si\/en\/wp-json\/wp\/v2\/media\/2981"}],"wp:attachment":[{"href":"https:\/\/www.carobnastena.si\/en\/wp-json\/wp\/v2\/media?parent=2980"}],"wp:term":[{"taxonomy":"product_brand","embeddable":true,"href":"https:\/\/www.carobnastena.si\/en\/wp-json\/wp\/v2\/product_brand?post=2980"},{"taxonomy":"product_cat","embeddable":true,"href":"https:\/\/www.carobnastena.si\/en\/wp-json\/wp\/v2\/product_cat?post=2980"},{"taxonomy":"product_tag","embeddable":true,"href":"https:\/\/www.carobnastena.si\/en\/wp-json\/wp\/v2\/product_tag?post=2980"}],"curies":[{"name":"wp","href":"https:\/\/api.w.org\/{rel}","templated":true}]}}